{"id":1217,"date":"2024-02-14T21:25:36","date_gmt":"2024-02-14T21:25:36","guid":{"rendered":"https:\/\/bksgroup.rs\/?post_type=product&#038;p=1217"},"modified":"2026-01-26T13:18:54","modified_gmt":"2026-01-26T13:18:54","slug":"bks-bojler-prohromski-100l","status":"publish","type":"product","link":"https:\/\/bksgroup.rs\/en\/proizvod\/bks-bojler-prohromski-100l\/","title":{"rendered":"BKS Bojler prohromski 100 L"},"content":{"rendered":"<p>Namenjeni su za vertikalnu monta\u017eu. Kazan je izra\u0111en od ner\u0111aju\u0107eg \u010delika (prohroma). Bojler poseduje \u010detvorostruku za\u0161titu, regulaciju temperature, svetlosni indikator, pokaziva\u010d temperature i magnezijumsku anodu. Posebnu pa\u017enju smo posvetili ekologiji. Kazan od ner\u0111aju\u0107eg \u010delika predstavlja idealno re\u0161enje za skladi\u0161tenje vode. Prohromski materijal je fiziolo\u0161ki neutralan, hemijski ne reaguje sa vodom, a samim tim doprinosi o\u010duvanju njenog kvaliteta i va\u0161eg zdravlja. Magnezijumska anoda spre\u010dava naslage kamenca, \u0161to je posebno va\u017eno za sredine sa agresivnom vodom i vodom koja sadr\u017ei so.<\/p>\n<p>&nbsp;<\/p>\n","protected":false},"excerpt":{"rendered":"<ul>\n<li><strong>Zapremina (litara):<\/strong> 100<\/li>\n<li><strong>Snaga greja\u010da (W):<\/strong> 2000<\/li>\n<li><strong>Radni napon (V):<\/strong> 230<\/li>\n<li><strong>Radni pritisak MPa\/(bar):<\/strong> 0,6 (6)<\/li>\n<li><strong>Vreme zagrevanja 15-75\u00b0C (h):<\/strong> 202<\/li>\n<li><strong>Garancija na kazan:\u00a0<\/strong>15\u00a0godina<\/li>\n<li><strong>Garancija na el. delove:\u00a0<\/strong>2 godine<\/li>\n<\/ul>\n<p>&nbsp;<\/p>\n","protected":false},"featured_media":1175,"comment_status":"open","ping_status":"closed","template":"","meta":[],"product_cat":[53],"product_tag":[20,199],"class_list":{"0":"post-1217","1":"product","2":"type-product","3":"status-publish","4":"has-post-thumbnail","6":"product_cat-vertikalni-2","7":"product_tag-bks-bojleri","8":"product_tag-vertikalni","10":"first","11":"instock","12":"featured","13":"shipping-taxable","14":"purchasable","15":"product-type-simple"},"yoast_head":"<!-- This site is optimized with the Yoast SEO plugin v24.1 - https:\/\/yoast.com\/wordpress\/plugins\/seo\/ -->\n<title>BKS Bojler prohromski 100 L - BKS GROUP - Fabrika prohromskih bojlera i posuda<\/title>\n<meta name=\"robots\" content=\"index, follow, max-snippet:-1, max-image-preview:large, max-video-preview:-1\" \/>\n<link rel=\"canonical\" href=\"https:\/\/bksgroup.rs\/en\/proizvod\/bks-bojler-prohromski-100l\/\" \/>\n<meta property=\"og:locale\" content=\"en_US\" \/>\n<meta property=\"og:type\" content=\"article\" \/>\n<meta property=\"og:title\" content=\"BKS Bojler prohromski 100 L - BKS GROUP - Fabrika prohromskih bojlera i posuda\" \/>\n<meta property=\"og:description\" content=\"Zapremina (litara): 100  Snaga greja\u010da (W): 2000  Radni napon (V): 230  Radni pritisak MPa\/(bar): 0,6 (6)  Vreme zagrevanja 15-75\u00b0C (h): 202  Garancija na kazan:\u00a015\u00a0godina  Garancija na el. delove:\u00a02 godine  &nbsp;\" \/>\n<meta property=\"og:url\" content=\"https:\/\/bksgroup.rs\/en\/proizvod\/bks-bojler-prohromski-100l\/\" \/>\n<meta property=\"og:site_name\" content=\"BKS GROUP - Fabrika prohromskih bojlera i posuda\" \/>\n<meta property=\"article:publisher\" content=\"https:\/\/www.facebook.com\/bksgroupdoo\" \/>\n<meta property=\"article:modified_time\" content=\"2026-01-26T13:18:54+00:00\" \/>\n<meta property=\"og:image\" content=\"https:\/\/bksgroup.rs\/wp-content\/uploads\/2024\/02\/Bojler-prohromski-RANKOM-50L-vertikalni.jpg\" \/>\n\t<meta property=\"og:image:width\" content=\"1600\" \/>\n\t<meta property=\"og:image:height\" content=\"1600\" \/>\n\t<meta property=\"og:image:type\" content=\"image\/jpeg\" \/>\n<meta name=\"twitter:card\" content=\"summary_large_image\" \/>\n<meta name=\"twitter:label1\" content=\"Est. reading time\" \/>\n\t<meta name=\"twitter:data1\" content=\"1 minute\" \/>\n<script type=\"application\/ld+json\" class=\"yoast-schema-graph\">{\"@context\":\"https:\/\/schema.org\",\"@graph\":[{\"@type\":\"WebPage\",\"@id\":\"https:\/\/bksgroup.rs\/en\/proizvod\/bks-bojler-prohromski-100l\/\",\"url\":\"https:\/\/bksgroup.rs\/en\/proizvod\/bks-bojler-prohromski-100l\/\",\"name\":\"BKS Bojler prohromski 100 L - BKS GROUP - Fabrika prohromskih bojlera i posuda\",\"isPartOf\":{\"@id\":\"https:\/\/bksgroup.rs\/en\/#website\"},\"primaryImageOfPage\":{\"@id\":\"https:\/\/bksgroup.rs\/en\/proizvod\/bks-bojler-prohromski-100l\/#primaryimage\"},\"image\":{\"@id\":\"https:\/\/bksgroup.rs\/en\/proizvod\/bks-bojler-prohromski-100l\/#primaryimage\"},\"thumbnailUrl\":\"https:\/\/bksgroup.rs\/wp-content\/uploads\/2024\/02\/Bojler-prohromski-RANKOM-50L-vertikalni.jpg\",\"datePublished\":\"2024-02-14T21:25:36+00:00\",\"dateModified\":\"2026-01-26T13:18:54+00:00\",\"breadcrumb\":{\"@id\":\"https:\/\/bksgroup.rs\/en\/proizvod\/bks-bojler-prohromski-100l\/#breadcrumb\"},\"inLanguage\":\"en-US\",\"potentialAction\":[{\"@type\":\"ReadAction\",\"target\":[\"https:\/\/bksgroup.rs\/en\/proizvod\/bks-bojler-prohromski-100l\/\"]}]},{\"@type\":\"ImageObject\",\"inLanguage\":\"en-US\",\"@id\":\"https:\/\/bksgroup.rs\/en\/proizvod\/bks-bojler-prohromski-100l\/#primaryimage\",\"url\":\"https:\/\/bksgroup.rs\/wp-content\/uploads\/2024\/02\/Bojler-prohromski-RANKOM-50L-vertikalni.jpg\",\"contentUrl\":\"https:\/\/bksgroup.rs\/wp-content\/uploads\/2024\/02\/Bojler-prohromski-RANKOM-50L-vertikalni.jpg\",\"width\":1600,\"height\":1600},{\"@type\":\"BreadcrumbList\",\"@id\":\"https:\/\/bksgroup.rs\/en\/proizvod\/bks-bojler-prohromski-100l\/#breadcrumb\",\"itemListElement\":[{\"@type\":\"ListItem\",\"position\":1,\"name\":\"Po\u010detna\",\"item\":\"https:\/\/bksgroup.rs\/en\/home\/\"},{\"@type\":\"ListItem\",\"position\":2,\"name\":\"Shop\",\"item\":\"https:\/\/bksgroup.rs\/en\/shop\/\"},{\"@type\":\"ListItem\",\"position\":3,\"name\":\"BKS Bojler prohromski 100 L\"}]},{\"@type\":\"WebSite\",\"@id\":\"https:\/\/bksgroup.rs\/en\/#website\",\"url\":\"https:\/\/bksgroup.rs\/en\/\",\"name\":\"BKS GROUP DOO\",\"description\":\"Proizvodnja prohromskih (INOX) bojlera\",\"publisher\":{\"@id\":\"https:\/\/bksgroup.rs\/en\/#organization\"},\"alternateName\":\"BKS bojleri\",\"potentialAction\":[{\"@type\":\"SearchAction\",\"target\":{\"@type\":\"EntryPoint\",\"urlTemplate\":\"https:\/\/bksgroup.rs\/en\/?s={search_term_string}\"},\"query-input\":{\"@type\":\"PropertyValueSpecification\",\"valueRequired\":true,\"valueName\":\"search_term_string\"}}],\"inLanguage\":\"en-US\"},{\"@type\":\"Organization\",\"@id\":\"https:\/\/bksgroup.rs\/en\/#organization\",\"name\":\"BKS GROUP DOO\",\"alternateName\":\"Proizvodnja prohromskih bojlera (BKS Group DOO)\",\"url\":\"https:\/\/bksgroup.rs\/en\/\",\"logo\":{\"@type\":\"ImageObject\",\"inLanguage\":\"en-US\",\"@id\":\"https:\/\/bksgroup.rs\/en\/#\/schema\/logo\/image\/\",\"url\":\"https:\/\/bksgroup.rs\/wp-content\/uploads\/2024\/02\/LogoPNG.png\",\"contentUrl\":\"https:\/\/bksgroup.rs\/wp-content\/uploads\/2024\/02\/LogoPNG.png\",\"width\":734,\"height\":501,\"caption\":\"BKS GROUP DOO\"},\"image\":{\"@id\":\"https:\/\/bksgroup.rs\/en\/#\/schema\/logo\/image\/\"},\"sameAs\":[\"https:\/\/www.facebook.com\/bksgroupdoo\",\"https:\/\/www.instagram.com\/bksgroupdoo\"]}]}<\/script>\n<!-- \/ Yoast SEO plugin. -->","yoast_head_json":{"title":"BKS Bojler prohromski 100 L - BKS GROUP - Fabrika prohromskih bojlera i posuda","robots":{"index":"index","follow":"follow","max-snippet":"max-snippet:-1","max-image-preview":"max-image-preview:large","max-video-preview":"max-video-preview:-1"},"canonical":"https:\/\/bksgroup.rs\/en\/proizvod\/bks-bojler-prohromski-100l\/","og_locale":"en_US","og_type":"article","og_title":"BKS Bojler prohromski 100 L - BKS GROUP - Fabrika prohromskih bojlera i posuda","og_description":"Zapremina (litara): 100  Snaga greja\u010da (W): 2000  Radni napon (V): 230  Radni pritisak MPa\/(bar): 0,6 (6)  Vreme zagrevanja 15-75\u00b0C (h): 202  Garancija na kazan:\u00a015\u00a0godina  Garancija na el. delove:\u00a02 godine  &nbsp;","og_url":"https:\/\/bksgroup.rs\/en\/proizvod\/bks-bojler-prohromski-100l\/","og_site_name":"BKS GROUP - Fabrika prohromskih bojlera i posuda","article_publisher":"https:\/\/www.facebook.com\/bksgroupdoo","article_modified_time":"2026-01-26T13:18:54+00:00","og_image":[{"width":1600,"height":1600,"url":"https:\/\/bksgroup.rs\/wp-content\/uploads\/2024\/02\/Bojler-prohromski-RANKOM-50L-vertikalni.jpg","type":"image\/jpeg"}],"twitter_card":"summary_large_image","twitter_misc":{"Est. reading time":"1 minute"},"schema":{"@context":"https:\/\/schema.org","@graph":[{"@type":"WebPage","@id":"https:\/\/bksgroup.rs\/en\/proizvod\/bks-bojler-prohromski-100l\/","url":"https:\/\/bksgroup.rs\/en\/proizvod\/bks-bojler-prohromski-100l\/","name":"BKS Bojler prohromski 100 L - BKS GROUP - Fabrika prohromskih bojlera i posuda","isPartOf":{"@id":"https:\/\/bksgroup.rs\/en\/#website"},"primaryImageOfPage":{"@id":"https:\/\/bksgroup.rs\/en\/proizvod\/bks-bojler-prohromski-100l\/#primaryimage"},"image":{"@id":"https:\/\/bksgroup.rs\/en\/proizvod\/bks-bojler-prohromski-100l\/#primaryimage"},"thumbnailUrl":"https:\/\/bksgroup.rs\/wp-content\/uploads\/2024\/02\/Bojler-prohromski-RANKOM-50L-vertikalni.jpg","datePublished":"2024-02-14T21:25:36+00:00","dateModified":"2026-01-26T13:18:54+00:00","breadcrumb":{"@id":"https:\/\/bksgroup.rs\/en\/proizvod\/bks-bojler-prohromski-100l\/#breadcrumb"},"inLanguage":"en-US","potentialAction":[{"@type":"ReadAction","target":["https:\/\/bksgroup.rs\/en\/proizvod\/bks-bojler-prohromski-100l\/"]}]},{"@type":"ImageObject","inLanguage":"en-US","@id":"https:\/\/bksgroup.rs\/en\/proizvod\/bks-bojler-prohromski-100l\/#primaryimage","url":"https:\/\/bksgroup.rs\/wp-content\/uploads\/2024\/02\/Bojler-prohromski-RANKOM-50L-vertikalni.jpg","contentUrl":"https:\/\/bksgroup.rs\/wp-content\/uploads\/2024\/02\/Bojler-prohromski-RANKOM-50L-vertikalni.jpg","width":1600,"height":1600},{"@type":"BreadcrumbList","@id":"https:\/\/bksgroup.rs\/en\/proizvod\/bks-bojler-prohromski-100l\/#breadcrumb","itemListElement":[{"@type":"ListItem","position":1,"name":"Po\u010detna","item":"https:\/\/bksgroup.rs\/en\/home\/"},{"@type":"ListItem","position":2,"name":"Shop","item":"https:\/\/bksgroup.rs\/en\/shop\/"},{"@type":"ListItem","position":3,"name":"BKS Bojler prohromski 100 L"}]},{"@type":"WebSite","@id":"https:\/\/bksgroup.rs\/en\/#website","url":"https:\/\/bksgroup.rs\/en\/","name":"BKS GROUP DOO","description":"Proizvodnja prohromskih (INOX) bojlera","publisher":{"@id":"https:\/\/bksgroup.rs\/en\/#organization"},"alternateName":"BKS bojleri","potentialAction":[{"@type":"SearchAction","target":{"@type":"EntryPoint","urlTemplate":"https:\/\/bksgroup.rs\/en\/?s={search_term_string}"},"query-input":{"@type":"PropertyValueSpecification","valueRequired":true,"valueName":"search_term_string"}}],"inLanguage":"en-US"},{"@type":"Organization","@id":"https:\/\/bksgroup.rs\/en\/#organization","name":"BKS GROUP DOO","alternateName":"Proizvodnja prohromskih bojlera (BKS Group DOO)","url":"https:\/\/bksgroup.rs\/en\/","logo":{"@type":"ImageObject","inLanguage":"en-US","@id":"https:\/\/bksgroup.rs\/en\/#\/schema\/logo\/image\/","url":"https:\/\/bksgroup.rs\/wp-content\/uploads\/2024\/02\/LogoPNG.png","contentUrl":"https:\/\/bksgroup.rs\/wp-content\/uploads\/2024\/02\/LogoPNG.png","width":734,"height":501,"caption":"BKS GROUP DOO"},"image":{"@id":"https:\/\/bksgroup.rs\/en\/#\/schema\/logo\/image\/"},"sameAs":["https:\/\/www.facebook.com\/bksgroupdoo","https:\/\/www.instagram.com\/bksgroupdoo"]}]}},"jetpack_sharing_enabled":true,"_links":{"self":[{"href":"https:\/\/bksgroup.rs\/en\/wp-json\/wp\/v2\/product\/1217","targetHints":{"allow":["GET"]}}],"collection":[{"href":"https:\/\/bksgroup.rs\/en\/wp-json\/wp\/v2\/product"}],"about":[{"href":"https:\/\/bksgroup.rs\/en\/wp-json\/wp\/v2\/types\/product"}],"replies":[{"embeddable":true,"href":"https:\/\/bksgroup.rs\/en\/wp-json\/wp\/v2\/comments?post=1217"}],"version-history":[{"count":9,"href":"https:\/\/bksgroup.rs\/en\/wp-json\/wp\/v2\/product\/1217\/revisions"}],"predecessor-version":[{"id":2602,"href":"https:\/\/bksgroup.rs\/en\/wp-json\/wp\/v2\/product\/1217\/revisions\/2602"}],"wp:featuredmedia":[{"embeddable":true,"href":"https:\/\/bksgroup.rs\/en\/wp-json\/wp\/v2\/media\/1175"}],"wp:attachment":[{"href":"https:\/\/bksgroup.rs\/en\/wp-json\/wp\/v2\/media?parent=1217"}],"wp:term":[{"taxonomy":"product_cat","embeddable":true,"href":"https:\/\/bksgroup.rs\/en\/wp-json\/wp\/v2\/product_cat?post=1217"},{"taxonomy":"product_tag","embeddable":true,"href":"https:\/\/bksgroup.rs\/en\/wp-json\/wp\/v2\/product_tag?post=1217"}],"curies":[{"name":"wp","href":"https:\/\/api.w.org\/{rel}","templated":true}]}}