{"id":2501,"date":"2025-04-01T11:26:45","date_gmt":"2025-04-01T11:26:45","guid":{"rendered":"https:\/\/bksgroup.rs\/?post_type=product&#038;p=2501"},"modified":"2026-01-26T13:15:30","modified_gmt":"2026-01-26T13:15:30","slug":"bks-bojler-prohromski-80l-horizontalni","status":"publish","type":"product","link":"https:\/\/bksgroup.rs\/en\/proizvod\/bks-bojler-prohromski-80l-horizontalni\/","title":{"rendered":"BKS Bojler prohromski 80 L"},"content":{"rendered":"<p>Namenjeni su za vertikalnu monta\u017eu. Kazan je izra\u0111en od ner\u0111aju\u0107eg \u010delika (prohroma). Bojler poseduje \u010detvorostruku za\u0161titu, regulaciju temperature, svetlosni indikator, pokaziva\u010d temperature i magnezijumsku anodu. Posebnu pa\u017enju smo posvetili ekologiji. Kazan od ner\u0111aju\u0107eg \u010delika predstavlja idealno re\u0161enje za skladi\u0161tenje vode. Prohromski materijal je fiziolo\u0161ki neutralan, hemijski ne reaguje sa vodom, a samim tim doprinosi o\u010duvanju njenog kvaliteta i va\u0161eg zdravlja. Magnezijumska anoda spre\u010dava naslage kamenca, \u0161to je posebno va\u017eno za sredine sa agresivnom vodom i vodom koja sadr\u017ei so.<\/p>\n<p>&nbsp;<\/p>\n<p>&nbsp;<\/p>\n","protected":false},"excerpt":{"rendered":"<ul>\n<li><strong>Zapremina (litara):<\/strong>\u00a0 80<\/li>\n<li><strong>Materijal kazana:\u00a0<\/strong>Prohrom<\/li>\n<li><strong>Snaga greja\u010da (W):<\/strong>\u00a0 2000<\/li>\n<li><strong>Radni napon (V):<\/strong>\u00a0 230v~50Hz<\/li>\n<li><strong>Radni pritisak MPa\/(bar):\u00a0<\/strong> 0,6 (6)<\/li>\n<li><strong>Vreme zagrevanja 15-75\u00b0C (h):<\/strong>\u00a0 172 min<\/li>\n<li><strong>Garancija na kazan:\u00a0<\/strong>15\u00a0godina<\/li>\n<li><strong>Garancija na el. delove:\u00a0<\/strong>2 godine<\/li>\n<\/ul>\n","protected":false},"featured_media":2487,"comment_status":"open","ping_status":"closed","template":"","meta":[],"product_cat":[54],"product_tag":[20,200,198],"class_list":{"0":"post-2501","1":"product","2":"type-product","3":"status-publish","4":"has-post-thumbnail","6":"product_cat-horizontalni-2","7":"product_tag-bks-bojleri","8":"product_tag-horizontalni","9":"product_tag-levi-desni","11":"first","12":"instock","13":"shipping-taxable","14":"purchasable","15":"product-type-simple"},"yoast_head":"<!-- This site is optimized with the Yoast SEO plugin v24.1 - https:\/\/yoast.com\/wordpress\/plugins\/seo\/ -->\n<title>BKS Bojler prohromski 80 L - BKS GROUP - Fabrika prohromskih bojlera i posuda<\/title>\n<meta name=\"robots\" content=\"index, follow, max-snippet:-1, max-image-preview:large, max-video-preview:-1\" \/>\n<link rel=\"canonical\" href=\"https:\/\/bksgroup.rs\/en\/proizvod\/bks-bojler-prohromski-80l-horizontalni\/\" \/>\n<meta property=\"og:locale\" content=\"en_US\" \/>\n<meta property=\"og:type\" content=\"article\" \/>\n<meta property=\"og:title\" content=\"BKS Bojler prohromski 80 L - BKS GROUP - Fabrika prohromskih bojlera i posuda\" \/>\n<meta property=\"og:description\" content=\"Zapremina (litara):\u00a0 80  Materijal kazana:\u00a0Prohrom  Snaga greja\u010da (W):\u00a0 2000  Radni napon (V):\u00a0 230v~50Hz  Radni pritisak MPa\/(bar):\u00a0 0,6 (6)  Vreme zagrevanja 15-75\u00b0C (h):\u00a0 172 min  Garancija na kazan:\u00a015\u00a0godina  Garancija na el. delove:\u00a02 godine\" \/>\n<meta property=\"og:url\" content=\"https:\/\/bksgroup.rs\/en\/proizvod\/bks-bojler-prohromski-80l-horizontalni\/\" \/>\n<meta property=\"og:site_name\" content=\"BKS GROUP - Fabrika prohromskih bojlera i posuda\" \/>\n<meta property=\"article:publisher\" content=\"https:\/\/www.facebook.com\/bksgroupdoo\" \/>\n<meta property=\"article:modified_time\" content=\"2026-01-26T13:15:30+00:00\" \/>\n<meta property=\"og:image\" content=\"https:\/\/bksgroup.rs\/wp-content\/uploads\/2025\/03\/IMG_7597-1-e1769180496609.jpg\" \/>\n\t<meta property=\"og:image:width\" content=\"640\" \/>\n\t<meta property=\"og:image:height\" content=\"480\" \/>\n\t<meta property=\"og:image:type\" content=\"image\/jpeg\" \/>\n<meta name=\"twitter:card\" content=\"summary_large_image\" \/>\n<meta name=\"twitter:label1\" content=\"Est. reading time\" \/>\n\t<meta name=\"twitter:data1\" content=\"1 minute\" \/>\n<script type=\"application\/ld+json\" class=\"yoast-schema-graph\">{\"@context\":\"https:\/\/schema.org\",\"@graph\":[{\"@type\":\"WebPage\",\"@id\":\"https:\/\/bksgroup.rs\/en\/proizvod\/bks-bojler-prohromski-80l-horizontalni\/\",\"url\":\"https:\/\/bksgroup.rs\/en\/proizvod\/bks-bojler-prohromski-80l-horizontalni\/\",\"name\":\"BKS Bojler prohromski 80 L - BKS GROUP - Fabrika prohromskih bojlera i posuda\",\"isPartOf\":{\"@id\":\"https:\/\/bksgroup.rs\/en\/#website\"},\"primaryImageOfPage\":{\"@id\":\"https:\/\/bksgroup.rs\/en\/proizvod\/bks-bojler-prohromski-80l-horizontalni\/#primaryimage\"},\"image\":{\"@id\":\"https:\/\/bksgroup.rs\/en\/proizvod\/bks-bojler-prohromski-80l-horizontalni\/#primaryimage\"},\"thumbnailUrl\":\"https:\/\/bksgroup.rs\/wp-content\/uploads\/2025\/03\/IMG_7597-1-e1769180496609.jpg\",\"datePublished\":\"2025-04-01T11:26:45+00:00\",\"dateModified\":\"2026-01-26T13:15:30+00:00\",\"breadcrumb\":{\"@id\":\"https:\/\/bksgroup.rs\/en\/proizvod\/bks-bojler-prohromski-80l-horizontalni\/#breadcrumb\"},\"inLanguage\":\"en-US\",\"potentialAction\":[{\"@type\":\"ReadAction\",\"target\":[\"https:\/\/bksgroup.rs\/en\/proizvod\/bks-bojler-prohromski-80l-horizontalni\/\"]}]},{\"@type\":\"ImageObject\",\"inLanguage\":\"en-US\",\"@id\":\"https:\/\/bksgroup.rs\/en\/proizvod\/bks-bojler-prohromski-80l-horizontalni\/#primaryimage\",\"url\":\"https:\/\/bksgroup.rs\/wp-content\/uploads\/2025\/03\/IMG_7597-1-e1769180496609.jpg\",\"contentUrl\":\"https:\/\/bksgroup.rs\/wp-content\/uploads\/2025\/03\/IMG_7597-1-e1769180496609.jpg\",\"width\":640,\"height\":480},{\"@type\":\"BreadcrumbList\",\"@id\":\"https:\/\/bksgroup.rs\/en\/proizvod\/bks-bojler-prohromski-80l-horizontalni\/#breadcrumb\",\"itemListElement\":[{\"@type\":\"ListItem\",\"position\":1,\"name\":\"Po\u010detna\",\"item\":\"https:\/\/bksgroup.rs\/en\/home\/\"},{\"@type\":\"ListItem\",\"position\":2,\"name\":\"Shop\",\"item\":\"https:\/\/bksgroup.rs\/en\/shop\/\"},{\"@type\":\"ListItem\",\"position\":3,\"name\":\"BKS Bojler prohromski 80 L\"}]},{\"@type\":\"WebSite\",\"@id\":\"https:\/\/bksgroup.rs\/en\/#website\",\"url\":\"https:\/\/bksgroup.rs\/en\/\",\"name\":\"BKS GROUP DOO\",\"description\":\"Proizvodnja prohromskih (INOX) bojlera\",\"publisher\":{\"@id\":\"https:\/\/bksgroup.rs\/en\/#organization\"},\"alternateName\":\"BKS bojleri\",\"potentialAction\":[{\"@type\":\"SearchAction\",\"target\":{\"@type\":\"EntryPoint\",\"urlTemplate\":\"https:\/\/bksgroup.rs\/en\/?s={search_term_string}\"},\"query-input\":{\"@type\":\"PropertyValueSpecification\",\"valueRequired\":true,\"valueName\":\"search_term_string\"}}],\"inLanguage\":\"en-US\"},{\"@type\":\"Organization\",\"@id\":\"https:\/\/bksgroup.rs\/en\/#organization\",\"name\":\"BKS GROUP DOO\",\"alternateName\":\"Proizvodnja prohromskih bojlera (BKS Group DOO)\",\"url\":\"https:\/\/bksgroup.rs\/en\/\",\"logo\":{\"@type\":\"ImageObject\",\"inLanguage\":\"en-US\",\"@id\":\"https:\/\/bksgroup.rs\/en\/#\/schema\/logo\/image\/\",\"url\":\"https:\/\/bksgroup.rs\/wp-content\/uploads\/2024\/02\/LogoPNG.png\",\"contentUrl\":\"https:\/\/bksgroup.rs\/wp-content\/uploads\/2024\/02\/LogoPNG.png\",\"width\":734,\"height\":501,\"caption\":\"BKS GROUP DOO\"},\"image\":{\"@id\":\"https:\/\/bksgroup.rs\/en\/#\/schema\/logo\/image\/\"},\"sameAs\":[\"https:\/\/www.facebook.com\/bksgroupdoo\",\"https:\/\/www.instagram.com\/bksgroupdoo\"]}]}<\/script>\n<!-- \/ Yoast SEO plugin. -->","yoast_head_json":{"title":"BKS Bojler prohromski 80 L - BKS GROUP - Fabrika prohromskih bojlera i posuda","robots":{"index":"index","follow":"follow","max-snippet":"max-snippet:-1","max-image-preview":"max-image-preview:large","max-video-preview":"max-video-preview:-1"},"canonical":"https:\/\/bksgroup.rs\/en\/proizvod\/bks-bojler-prohromski-80l-horizontalni\/","og_locale":"en_US","og_type":"article","og_title":"BKS Bojler prohromski 80 L - BKS GROUP - Fabrika prohromskih bojlera i posuda","og_description":"Zapremina (litara):\u00a0 80  Materijal kazana:\u00a0Prohrom  Snaga greja\u010da (W):\u00a0 2000  Radni napon (V):\u00a0 230v~50Hz  Radni pritisak MPa\/(bar):\u00a0 0,6 (6)  Vreme zagrevanja 15-75\u00b0C (h):\u00a0 172 min  Garancija na kazan:\u00a015\u00a0godina  Garancija na el. delove:\u00a02 godine","og_url":"https:\/\/bksgroup.rs\/en\/proizvod\/bks-bojler-prohromski-80l-horizontalni\/","og_site_name":"BKS GROUP - Fabrika prohromskih bojlera i posuda","article_publisher":"https:\/\/www.facebook.com\/bksgroupdoo","article_modified_time":"2026-01-26T13:15:30+00:00","og_image":[{"width":640,"height":480,"url":"https:\/\/bksgroup.rs\/wp-content\/uploads\/2025\/03\/IMG_7597-1-e1769180496609.jpg","type":"image\/jpeg"}],"twitter_card":"summary_large_image","twitter_misc":{"Est. reading time":"1 minute"},"schema":{"@context":"https:\/\/schema.org","@graph":[{"@type":"WebPage","@id":"https:\/\/bksgroup.rs\/en\/proizvod\/bks-bojler-prohromski-80l-horizontalni\/","url":"https:\/\/bksgroup.rs\/en\/proizvod\/bks-bojler-prohromski-80l-horizontalni\/","name":"BKS Bojler prohromski 80 L - BKS GROUP - Fabrika prohromskih bojlera i posuda","isPartOf":{"@id":"https:\/\/bksgroup.rs\/en\/#website"},"primaryImageOfPage":{"@id":"https:\/\/bksgroup.rs\/en\/proizvod\/bks-bojler-prohromski-80l-horizontalni\/#primaryimage"},"image":{"@id":"https:\/\/bksgroup.rs\/en\/proizvod\/bks-bojler-prohromski-80l-horizontalni\/#primaryimage"},"thumbnailUrl":"https:\/\/bksgroup.rs\/wp-content\/uploads\/2025\/03\/IMG_7597-1-e1769180496609.jpg","datePublished":"2025-04-01T11:26:45+00:00","dateModified":"2026-01-26T13:15:30+00:00","breadcrumb":{"@id":"https:\/\/bksgroup.rs\/en\/proizvod\/bks-bojler-prohromski-80l-horizontalni\/#breadcrumb"},"inLanguage":"en-US","potentialAction":[{"@type":"ReadAction","target":["https:\/\/bksgroup.rs\/en\/proizvod\/bks-bojler-prohromski-80l-horizontalni\/"]}]},{"@type":"ImageObject","inLanguage":"en-US","@id":"https:\/\/bksgroup.rs\/en\/proizvod\/bks-bojler-prohromski-80l-horizontalni\/#primaryimage","url":"https:\/\/bksgroup.rs\/wp-content\/uploads\/2025\/03\/IMG_7597-1-e1769180496609.jpg","contentUrl":"https:\/\/bksgroup.rs\/wp-content\/uploads\/2025\/03\/IMG_7597-1-e1769180496609.jpg","width":640,"height":480},{"@type":"BreadcrumbList","@id":"https:\/\/bksgroup.rs\/en\/proizvod\/bks-bojler-prohromski-80l-horizontalni\/#breadcrumb","itemListElement":[{"@type":"ListItem","position":1,"name":"Po\u010detna","item":"https:\/\/bksgroup.rs\/en\/home\/"},{"@type":"ListItem","position":2,"name":"Shop","item":"https:\/\/bksgroup.rs\/en\/shop\/"},{"@type":"ListItem","position":3,"name":"BKS Bojler prohromski 80 L"}]},{"@type":"WebSite","@id":"https:\/\/bksgroup.rs\/en\/#website","url":"https:\/\/bksgroup.rs\/en\/","name":"BKS GROUP DOO","description":"Proizvodnja prohromskih (INOX) bojlera","publisher":{"@id":"https:\/\/bksgroup.rs\/en\/#organization"},"alternateName":"BKS bojleri","potentialAction":[{"@type":"SearchAction","target":{"@type":"EntryPoint","urlTemplate":"https:\/\/bksgroup.rs\/en\/?s={search_term_string}"},"query-input":{"@type":"PropertyValueSpecification","valueRequired":true,"valueName":"search_term_string"}}],"inLanguage":"en-US"},{"@type":"Organization","@id":"https:\/\/bksgroup.rs\/en\/#organization","name":"BKS GROUP DOO","alternateName":"Proizvodnja prohromskih bojlera (BKS Group DOO)","url":"https:\/\/bksgroup.rs\/en\/","logo":{"@type":"ImageObject","inLanguage":"en-US","@id":"https:\/\/bksgroup.rs\/en\/#\/schema\/logo\/image\/","url":"https:\/\/bksgroup.rs\/wp-content\/uploads\/2024\/02\/LogoPNG.png","contentUrl":"https:\/\/bksgroup.rs\/wp-content\/uploads\/2024\/02\/LogoPNG.png","width":734,"height":501,"caption":"BKS GROUP DOO"},"image":{"@id":"https:\/\/bksgroup.rs\/en\/#\/schema\/logo\/image\/"},"sameAs":["https:\/\/www.facebook.com\/bksgroupdoo","https:\/\/www.instagram.com\/bksgroupdoo"]}]}},"jetpack_sharing_enabled":true,"_links":{"self":[{"href":"https:\/\/bksgroup.rs\/en\/wp-json\/wp\/v2\/product\/2501","targetHints":{"allow":["GET"]}}],"collection":[{"href":"https:\/\/bksgroup.rs\/en\/wp-json\/wp\/v2\/product"}],"about":[{"href":"https:\/\/bksgroup.rs\/en\/wp-json\/wp\/v2\/types\/product"}],"replies":[{"embeddable":true,"href":"https:\/\/bksgroup.rs\/en\/wp-json\/wp\/v2\/comments?post=2501"}],"version-history":[{"count":6,"href":"https:\/\/bksgroup.rs\/en\/wp-json\/wp\/v2\/product\/2501\/revisions"}],"predecessor-version":[{"id":2603,"href":"https:\/\/bksgroup.rs\/en\/wp-json\/wp\/v2\/product\/2501\/revisions\/2603"}],"wp:featuredmedia":[{"embeddable":true,"href":"https:\/\/bksgroup.rs\/en\/wp-json\/wp\/v2\/media\/2487"}],"wp:attachment":[{"href":"https:\/\/bksgroup.rs\/en\/wp-json\/wp\/v2\/media?parent=2501"}],"wp:term":[{"taxonomy":"product_cat","embeddable":true,"href":"https:\/\/bksgroup.rs\/en\/wp-json\/wp\/v2\/product_cat?post=2501"},{"taxonomy":"product_tag","embeddable":true,"href":"https:\/\/bksgroup.rs\/en\/wp-json\/wp\/v2\/product_tag?post=2501"}],"curies":[{"name":"wp","href":"https:\/\/api.w.org\/{rel}","templated":true}]}}